{"id":44,"date":"2025-09-30T00:46:21","date_gmt":"2025-09-30T00:46:21","guid":{"rendered":"https:\/\/chiwina.org\/?page_id=44"},"modified":"2025-11-17T19:57:39","modified_gmt":"2025-11-17T19:57:39","slug":"recursos","status":"publish","type":"page","link":"https:\/\/chiwina.org\/en\/recursos\/","title":{"rendered":"Resources"},"content":{"rendered":"<div data-elementor-type=\"wp-page\" data-elementor-id=\"44\" class=\"elementor elementor-44\" data-elementor-post-type=\"page\">\n\t\t\t\t<div class=\"elementor-element elementor-element-454ea86 e-con-full e-flex e-con e-parent\" data-id=\"454ea86\" data-element_type=\"container\" data-e-type=\"container\" data-settings=\"{&quot;background_background&quot;:&quot;classic&quot;}\">\n\t\t<div class=\"elementor-element elementor-element-c509565 e-flex e-con-boxed e-con e-child\" data-id=\"c509565\" data-element_type=\"container\" data-e-type=\"container\" data-settings=\"{&quot;background_background&quot;:&quot;classic&quot;}\">\n\t\t\t\t\t<div class=\"e-con-inner\">\n\t\t<div class=\"elementor-element elementor-element-4426a18 e-con-full e-flex e-con e-child\" data-id=\"4426a18\" data-element_type=\"container\" data-e-type=\"container\" data-settings=\"{&quot;background_background&quot;:&quot;classic&quot;}\">\n\t\t\t\t<div class=\"elementor-element elementor-element-1b84773 elementor-widget elementor-widget-heading\" data-id=\"1b84773\" data-element_type=\"widget\" data-e-type=\"widget\" data-widget_type=\"heading.default\">\n\t\t\t\t\t<h2 class=\"elementor-heading-title elementor-size-default\">Resources<\/h2>\t\t\t\t<\/div>\n\t\t\t\t<\/div>\n\t\t\t\t\t<\/div>\n\t\t\t\t<\/div>\n\t\t\t\t<\/div>\n\t\t<div class=\"elementor-element elementor-element-476e40c e-con-full e-flex e-con e-parent\" data-id=\"476e40c\" data-element_type=\"container\" data-e-type=\"container\">\n\t\t\t\t<div class=\"elementor-element elementor-element-f69a451 elementor-widget elementor-widget-heading\" data-id=\"f69a451\" data-element_type=\"widget\" data-e-type=\"widget\" data-widget_type=\"heading.default\">\n\t\t\t\t\t<h2 class=\"elementor-heading-title elementor-size-default\">Sharing knowledge (tutorials)<\/h2>\t\t\t\t<\/div>\n\t\t\t\t<div class=\"elementor-element elementor-element-183c480 elementor-grid-3 elementor-grid-tablet-2 elementor-grid-mobile-1 elementor-widget elementor-widget-loop-grid\" data-id=\"183c480\" data-element_type=\"widget\" data-e-type=\"widget\" data-settings=\"{&quot;template_id&quot;:&quot;232&quot;,&quot;columns&quot;:3,&quot;_skin&quot;:&quot;post&quot;,&quot;columns_tablet&quot;:&quot;2&quot;,&quot;columns_mobile&quot;:&quot;1&quot;,&quot;edit_handle_selector&quot;:&quot;[data-elementor-type=\\&quot;loop-item\\&quot;]&quot;,&quot;row_gap&quot;:{&quot;unit&quot;:&quot;px&quot;,&quot;size&quot;:&quot;&quot;,&quot;sizes&quot;:[]},&quot;row_gap_tablet&quot;:{&quot;unit&quot;:&quot;px&quot;,&quot;size&quot;:&quot;&quot;,&quot;sizes&quot;:[]},&quot;row_gap_mobile&quot;:{&quot;unit&quot;:&quot;px&quot;,&quot;size&quot;:&quot;&quot;,&quot;sizes&quot;:[]}}\" data-widget_type=\"loop-grid.post\">\n\t\t\t\t\t\t\t<div class=\"elementor-loop-container elementor-grid\">\n\t\t<style id=\"loop-dynamic-232\">.e-loop-item-225 .elementor-element.elementor-element-a0db124:not(.elementor-motion-effects-element-type-background), .e-loop-item-225 .elementor-element.elementor-element-a0db124 > .elementor-motion-effects-container > .elementor-motion-effects-layer{background-image:url(\"https:\/\/chiwina.org\/wp-content\/uploads\/2025\/11\/Chiwina-tarjetas.jpg\");}<\/style><style id=\"loop-232\">.elementor-232 .elementor-element.elementor-element-a0db124{--display:flex;--min-height:450px;--flex-direction:column;--container-widget-width:100%;--container-widget-height:initial;--container-widget-flex-grow:0;--container-widget-align-self:initial;--flex-wrap-mobile:wrap;--justify-content:flex-end;--margin-top:0px;--margin-bottom:0px;--margin-left:0px;--margin-right:0px;--padding-top:0px;--padding-bottom:0px;--padding-left:0px;--padding-right:0px;}.elementor-232 .elementor-element.elementor-element-a0db124:not(.elementor-motion-effects-element-type-background), .elementor-232 .elementor-element.elementor-element-a0db124 > .elementor-motion-effects-container > .elementor-motion-effects-layer{background-position:center center;background-repeat:no-repeat;background-size:cover;}.elementor-232 .elementor-element.elementor-element-fbf09e4{--display:flex;--gap:5px 5px;--row-gap:5px;--column-gap:5px;}.elementor-232 .elementor-element.elementor-element-fbf09e4:not(.elementor-motion-effects-element-type-background), .elementor-232 .elementor-element.elementor-element-fbf09e4 > .elementor-motion-effects-container > .elementor-motion-effects-layer{background-color:#C70052;}.elementor-widget-theme-post-title .elementor-heading-title{font-family:var( --e-global-typography-primary-font-family ), Sans-serif;font-size:var( --e-global-typography-primary-font-size );font-weight:var( --e-global-typography-primary-font-weight );color:var( --e-global-color-primary );}.elementor-232 .elementor-element.elementor-element-6c6c291 .elementor-heading-title{font-family:\"Sofia Sans\", Sans-serif;font-size:1.5rem;font-weight:500;color:#FFFFFF;}.elementor-widget-theme-post-excerpt{color:var( --e-global-color-text );font-family:var( --e-global-typography-text-font-family ), Sans-serif;font-weight:var( --e-global-typography-text-font-weight );}.elementor-232 .elementor-element.elementor-element-2ee862f{color:#FFFFFF;font-family:\"Sofia Sans\", Sans-serif;font-weight:300;}@media(max-width:1024px){.elementor-widget-theme-post-title .elementor-heading-title{font-size:var( --e-global-typography-primary-font-size );}}@media(max-width:767px){.elementor-widget-theme-post-title .elementor-heading-title{font-size:var( --e-global-typography-primary-font-size );}}<\/style>\t\t<div data-elementor-type=\"loop-item\" data-elementor-id=\"232\" class=\"elementor elementor-232 e-loop-item e-loop-item-225 post-225 post type-post status-publish format-standard has-post-thumbnail hentry category-diseno-chiwina\" data-elementor-post-type=\"elementor_library\" data-custom-edit-handle=\"1\">\n\t\t\t<div class=\"elementor-element elementor-element-a0db124 e-flex e-con-boxed e-con e-parent\" data-id=\"a0db124\" data-element_type=\"container\" data-e-type=\"container\" data-settings=\"{&quot;background_background&quot;:&quot;classic&quot;}\">\n\t\t\t\t\t<div class=\"e-con-inner\">\n\t\t<div class=\"elementor-element elementor-element-fbf09e4 e-con-full e-flex e-con e-child\" data-id=\"fbf09e4\" data-element_type=\"container\" data-e-type=\"container\" data-settings=\"{&quot;background_background&quot;:&quot;classic&quot;}\">\n\t\t\t\t<div class=\"elementor-element elementor-element-6c6c291 elementor-widget elementor-widget-theme-post-title elementor-page-title elementor-widget-heading\" data-id=\"6c6c291\" data-element_type=\"widget\" data-e-type=\"widget\" data-widget_type=\"theme-post-title.default\">\n\t\t\t\t\t<h1 class=\"elementor-heading-title elementor-size-default\"><a href=\"https:\/\/chiwina.org\/en\/clases-de-ingles-en-el-lago-titicaca-copy-2\/\">Los inicios del dise\u00f1o Chiwi\u00f1a<\/a><\/h1>\t\t\t\t<\/div>\n\t\t\t\t<div class=\"elementor-element elementor-element-2ee862f elementor-widget elementor-widget-theme-post-excerpt\" data-id=\"2ee862f\" data-element_type=\"widget\" data-e-type=\"widget\" data-widget_type=\"theme-post-excerpt.default\">\n\t\t\t\t\t<p>El trabajo de dise\u00f1o y comunicaci\u00f3n del proyecto en su primer a\u00f1o se centr\u00f3 en la creaci\u00f3n de marcas gr\u00e1ficas,\t\t\t\t<\/div>\n\t\t\t\t<\/div>\n\t\t\t\t\t<\/div>\n\t\t\t\t<\/div>\n\t\t\t\t<\/div>\n\t\t<style id=\"loop-dynamic-232\">.e-loop-item-224 .elementor-element.elementor-element-a0db124:not(.elementor-motion-effects-element-type-background), .e-loop-item-224 .elementor-element.elementor-element-a0db124 > .elementor-motion-effects-container > .elementor-motion-effects-layer{background-image:url(\"https:\/\/chiwina.org\/wp-content\/uploads\/2025\/11\/Copia-de-3er-viaje-Chiwina-05471-crop.jpg\");}<\/style>\t\t<div data-elementor-type=\"loop-item\" data-elementor-id=\"232\" class=\"elementor elementor-232 e-loop-item e-loop-item-224 post-224 post type-post status-publish format-standard has-post-thumbnail hentry category-diseno-chiwina\" data-elementor-post-type=\"elementor_library\" data-custom-edit-handle=\"1\">\n\t\t\t<div class=\"elementor-element elementor-element-a0db124 e-flex e-con-boxed e-con e-parent\" data-id=\"a0db124\" data-element_type=\"container\" data-e-type=\"container\" data-settings=\"{&quot;background_background&quot;:&quot;classic&quot;}\">\n\t\t\t\t\t<div class=\"e-con-inner\">\n\t\t<div class=\"elementor-element elementor-element-fbf09e4 e-con-full e-flex e-con e-child\" data-id=\"fbf09e4\" data-element_type=\"container\" data-e-type=\"container\" data-settings=\"{&quot;background_background&quot;:&quot;classic&quot;}\">\n\t\t\t\t<div class=\"elementor-element elementor-element-6c6c291 elementor-widget elementor-widget-theme-post-title elementor-page-title elementor-widget-heading\" data-id=\"6c6c291\" data-element_type=\"widget\" data-e-type=\"widget\" data-widget_type=\"theme-post-title.default\">\n\t\t\t\t\t<h1 class=\"elementor-heading-title elementor-size-default\"><a href=\"https:\/\/chiwina.org\/en\/clases-de-ingles-en-el-lago-titicaca-copy-3\/\">Renovamos los men\u00fas de 5 restaurantes en el Lago Titicaca<\/a><\/h1>\t\t\t\t<\/div>\n\t\t\t\t<div class=\"elementor-element elementor-element-2ee862f elementor-widget elementor-widget-theme-post-excerpt\" data-id=\"2ee862f\" data-element_type=\"widget\" data-e-type=\"widget\" data-widget_type=\"theme-post-excerpt.default\">\n\t\t\t\t\t<p>Realizamos cuatro Proyectos en la Isla del Sol y uno en Huatajata. Te mostramos el proceso y los coquetos dise\u00f1os\t\t\t\t<\/div>\n\t\t\t\t<\/div>\n\t\t\t\t\t<\/div>\n\t\t\t\t<\/div>\n\t\t\t\t<\/div>\n\t\t<style id=\"loop-dynamic-232\">.e-loop-item-223 .elementor-element.elementor-element-a0db124:not(.elementor-motion-effects-element-type-background), .e-loop-item-223 .elementor-element.elementor-element-a0db124 > .elementor-motion-effects-container > .elementor-motion-effects-layer{background-image:url(\"https:\/\/chiwina.org\/wp-content\/uploads\/2025\/11\/DSC09906-suriqui-mural-web.jpg\");}<\/style>\t\t<div data-elementor-type=\"loop-item\" data-elementor-id=\"232\" class=\"elementor elementor-232 e-loop-item e-loop-item-223 post-223 post type-post status-publish format-standard has-post-thumbnail hentry category-comunidades\" data-elementor-post-type=\"elementor_library\" data-custom-edit-handle=\"1\">\n\t\t\t<div class=\"elementor-element elementor-element-a0db124 e-flex e-con-boxed e-con e-parent\" data-id=\"a0db124\" data-element_type=\"container\" data-e-type=\"container\" data-settings=\"{&quot;background_background&quot;:&quot;classic&quot;}\">\n\t\t\t\t\t<div class=\"e-con-inner\">\n\t\t<div class=\"elementor-element elementor-element-fbf09e4 e-con-full e-flex e-con e-child\" data-id=\"fbf09e4\" data-element_type=\"container\" data-e-type=\"container\" data-settings=\"{&quot;background_background&quot;:&quot;classic&quot;}\">\n\t\t\t\t<div class=\"elementor-element elementor-element-6c6c291 elementor-widget elementor-widget-theme-post-title elementor-page-title elementor-widget-heading\" data-id=\"6c6c291\" data-element_type=\"widget\" data-e-type=\"widget\" data-widget_type=\"theme-post-title.default\">\n\t\t\t\t\t<h1 class=\"elementor-heading-title elementor-size-default\"><a href=\"https:\/\/chiwina.org\/en\/clases-de-ingles-en-el-lago-titicaca-copy-4\/\">Un mural para la plaza de la comunidad Suriqui<\/a><\/h1>\t\t\t\t<\/div>\n\t\t\t\t<div class=\"elementor-element elementor-element-2ee862f elementor-widget elementor-widget-theme-post-excerpt\" data-id=\"2ee862f\" data-element_type=\"widget\" data-e-type=\"widget\" data-widget_type=\"theme-post-excerpt.default\">\n\t\t\t\t\tUna vez aprobado el dise\u00f1o de marca gr\u00e1fica con la comunidad, hicimos una mural con la ayuda de los ni\u00f1os\t\t\t\t<\/div>\n\t\t\t\t<\/div>\n\t\t\t\t\t<\/div>\n\t\t\t\t<\/div>\n\t\t\t\t<\/div>\n\t\t\t\t<\/div>\n\t\t\n\t\t\t\t\t\t<\/div>\n\t\t\t\t<div class=\"elementor-element elementor-element-7dffe47 elementor-widget elementor-widget-heading\" data-id=\"7dffe47\" data-element_type=\"widget\" data-e-type=\"widget\" data-widget_type=\"heading.default\">\n\t\t\t\t\t<h2 class=\"elementor-heading-title elementor-size-default\"><a href=\"https:\/\/chiwina.org\/en\/compartiendo-saberes\/\">View all videos<\/a><\/h2>\t\t\t\t<\/div>\n\t\t\t\t<\/div>\n\t\t<div class=\"elementor-element elementor-element-e4f3847 e-con-full e-flex e-con e-parent\" data-id=\"e4f3847\" data-element_type=\"container\" data-e-type=\"container\">\n\t\t\t\t<div class=\"elementor-element elementor-element-9a24b0c elementor-widget elementor-widget-heading\" data-id=\"9a24b0c\" data-element_type=\"widget\" data-e-type=\"widget\" data-widget_type=\"heading.default\">\n\t\t\t\t\t<h2 class=\"elementor-heading-title elementor-size-default\">Escuelita Chiwi\u00f1a (Downloadable)<\/h2>\t\t\t\t<\/div>\n\t\t\t\t<div class=\"elementor-element elementor-element-c747f17 elementor-grid-3 elementor-grid-tablet-2 elementor-grid-mobile-1 elementor-widget elementor-widget-loop-grid\" data-id=\"c747f17\" data-element_type=\"widget\" data-e-type=\"widget\" data-settings=\"{&quot;template_id&quot;:&quot;232&quot;,&quot;columns&quot;:3,&quot;_skin&quot;:&quot;post&quot;,&quot;columns_tablet&quot;:&quot;2&quot;,&quot;columns_mobile&quot;:&quot;1&quot;,&quot;edit_handle_selector&quot;:&quot;[data-elementor-type=\\&quot;loop-item\\&quot;]&quot;,&quot;row_gap&quot;:{&quot;unit&quot;:&quot;px&quot;,&quot;size&quot;:&quot;&quot;,&quot;sizes&quot;:[]},&quot;row_gap_tablet&quot;:{&quot;unit&quot;:&quot;px&quot;,&quot;size&quot;:&quot;&quot;,&quot;sizes&quot;:[]},&quot;row_gap_mobile&quot;:{&quot;unit&quot;:&quot;px&quot;,&quot;size&quot;:&quot;&quot;,&quot;sizes&quot;:[]}}\" data-widget_type=\"loop-grid.post\">\n\t\t\t\t\t\t\t<div class=\"elementor-loop-container elementor-grid\">\n\t\t<style id=\"loop-dynamic-232\">.e-loop-item-225 .elementor-element.elementor-element-a0db124:not(.elementor-motion-effects-element-type-background), .e-loop-item-225 .elementor-element.elementor-element-a0db124 > .elementor-motion-effects-container > .elementor-motion-effects-layer{background-image:url(\"https:\/\/chiwina.org\/wp-content\/uploads\/2025\/11\/Chiwina-tarjetas.jpg\");}<\/style>\t\t<div data-elementor-type=\"loop-item\" data-elementor-id=\"232\" class=\"elementor elementor-232 e-loop-item e-loop-item-225 post-225 post type-post status-publish format-standard has-post-thumbnail hentry category-diseno-chiwina\" data-elementor-post-type=\"elementor_library\" data-custom-edit-handle=\"1\">\n\t\t\t<div class=\"elementor-element elementor-element-a0db124 e-flex e-con-boxed e-con e-parent\" data-id=\"a0db124\" data-element_type=\"container\" data-e-type=\"container\" data-settings=\"{&quot;background_background&quot;:&quot;classic&quot;}\">\n\t\t\t\t\t<div class=\"e-con-inner\">\n\t\t<div class=\"elementor-element elementor-element-fbf09e4 e-con-full e-flex e-con e-child\" data-id=\"fbf09e4\" data-element_type=\"container\" data-e-type=\"container\" data-settings=\"{&quot;background_background&quot;:&quot;classic&quot;}\">\n\t\t\t\t<div class=\"elementor-element elementor-element-6c6c291 elementor-widget elementor-widget-theme-post-title elementor-page-title elementor-widget-heading\" data-id=\"6c6c291\" data-element_type=\"widget\" data-e-type=\"widget\" data-widget_type=\"theme-post-title.default\">\n\t\t\t\t\t<h1 class=\"elementor-heading-title elementor-size-default\"><a href=\"https:\/\/chiwina.org\/en\/clases-de-ingles-en-el-lago-titicaca-copy-2\/\">Los inicios del dise\u00f1o Chiwi\u00f1a<\/a><\/h1>\t\t\t\t<\/div>\n\t\t\t\t<div class=\"elementor-element elementor-element-2ee862f elementor-widget elementor-widget-theme-post-excerpt\" data-id=\"2ee862f\" data-element_type=\"widget\" data-e-type=\"widget\" data-widget_type=\"theme-post-excerpt.default\">\n\t\t\t\t\t<p>El trabajo de dise\u00f1o y comunicaci\u00f3n del proyecto en su primer a\u00f1o se centr\u00f3 en la creaci\u00f3n de marcas gr\u00e1ficas,\t\t\t\t<\/div>\n\t\t\t\t<\/div>\n\t\t\t\t\t<\/div>\n\t\t\t\t<\/div>\n\t\t\t\t<\/div>\n\t\t<style id=\"loop-dynamic-232\">.e-loop-item-224 .elementor-element.elementor-element-a0db124:not(.elementor-motion-effects-element-type-background), .e-loop-item-224 .elementor-element.elementor-element-a0db124 > .elementor-motion-effects-container > .elementor-motion-effects-layer{background-image:url(\"https:\/\/chiwina.org\/wp-content\/uploads\/2025\/11\/Copia-de-3er-viaje-Chiwina-05471-crop.jpg\");}<\/style>\t\t<div data-elementor-type=\"loop-item\" data-elementor-id=\"232\" class=\"elementor elementor-232 e-loop-item e-loop-item-224 post-224 post type-post status-publish format-standard has-post-thumbnail hentry category-diseno-chiwina\" data-elementor-post-type=\"elementor_library\" data-custom-edit-handle=\"1\">\n\t\t\t<div class=\"elementor-element elementor-element-a0db124 e-flex e-con-boxed e-con e-parent\" data-id=\"a0db124\" data-element_type=\"container\" data-e-type=\"container\" data-settings=\"{&quot;background_background&quot;:&quot;classic&quot;}\">\n\t\t\t\t\t<div class=\"e-con-inner\">\n\t\t<div class=\"elementor-element elementor-element-fbf09e4 e-con-full e-flex e-con e-child\" data-id=\"fbf09e4\" data-element_type=\"container\" data-e-type=\"container\" data-settings=\"{&quot;background_background&quot;:&quot;classic&quot;}\">\n\t\t\t\t<div class=\"elementor-element elementor-element-6c6c291 elementor-widget elementor-widget-theme-post-title elementor-page-title elementor-widget-heading\" data-id=\"6c6c291\" data-element_type=\"widget\" data-e-type=\"widget\" data-widget_type=\"theme-post-title.default\">\n\t\t\t\t\t<h1 class=\"elementor-heading-title elementor-size-default\"><a href=\"https:\/\/chiwina.org\/en\/clases-de-ingles-en-el-lago-titicaca-copy-3\/\">Renovamos los men\u00fas de 5 restaurantes en el Lago Titicaca<\/a><\/h1>\t\t\t\t<\/div>\n\t\t\t\t<div class=\"elementor-element elementor-element-2ee862f elementor-widget elementor-widget-theme-post-excerpt\" data-id=\"2ee862f\" data-element_type=\"widget\" data-e-type=\"widget\" data-widget_type=\"theme-post-excerpt.default\">\n\t\t\t\t\t<p>Realizamos cuatro Proyectos en la Isla del Sol y uno en Huatajata. Te mostramos el proceso y los coquetos dise\u00f1os\t\t\t\t<\/div>\n\t\t\t\t<\/div>\n\t\t\t\t\t<\/div>\n\t\t\t\t<\/div>\n\t\t\t\t<\/div>\n\t\t<style id=\"loop-dynamic-232\">.e-loop-item-223 .elementor-element.elementor-element-a0db124:not(.elementor-motion-effects-element-type-background), .e-loop-item-223 .elementor-element.elementor-element-a0db124 > .elementor-motion-effects-container > .elementor-motion-effects-layer{background-image:url(\"https:\/\/chiwina.org\/wp-content\/uploads\/2025\/11\/DSC09906-suriqui-mural-web.jpg\");}<\/style>\t\t<div data-elementor-type=\"loop-item\" data-elementor-id=\"232\" class=\"elementor elementor-232 e-loop-item e-loop-item-223 post-223 post type-post status-publish format-standard has-post-thumbnail hentry category-comunidades\" data-elementor-post-type=\"elementor_library\" data-custom-edit-handle=\"1\">\n\t\t\t<div class=\"elementor-element elementor-element-a0db124 e-flex e-con-boxed e-con e-parent\" data-id=\"a0db124\" data-element_type=\"container\" data-e-type=\"container\" data-settings=\"{&quot;background_background&quot;:&quot;classic&quot;}\">\n\t\t\t\t\t<div class=\"e-con-inner\">\n\t\t<div class=\"elementor-element elementor-element-fbf09e4 e-con-full e-flex e-con e-child\" data-id=\"fbf09e4\" data-element_type=\"container\" data-e-type=\"container\" data-settings=\"{&quot;background_background&quot;:&quot;classic&quot;}\">\n\t\t\t\t<div class=\"elementor-element elementor-element-6c6c291 elementor-widget elementor-widget-theme-post-title elementor-page-title elementor-widget-heading\" data-id=\"6c6c291\" data-element_type=\"widget\" data-e-type=\"widget\" data-widget_type=\"theme-post-title.default\">\n\t\t\t\t\t<h1 class=\"elementor-heading-title elementor-size-default\"><a href=\"https:\/\/chiwina.org\/en\/clases-de-ingles-en-el-lago-titicaca-copy-4\/\">Un mural para la plaza de la comunidad Suriqui<\/a><\/h1>\t\t\t\t<\/div>\n\t\t\t\t<div class=\"elementor-element elementor-element-2ee862f elementor-widget elementor-widget-theme-post-excerpt\" data-id=\"2ee862f\" data-element_type=\"widget\" data-e-type=\"widget\" data-widget_type=\"theme-post-excerpt.default\">\n\t\t\t\t\tUna vez aprobado el dise\u00f1o de marca gr\u00e1fica con la comunidad, hicimos una mural con la ayuda de los ni\u00f1os\t\t\t\t<\/div>\n\t\t\t\t<\/div>\n\t\t\t\t\t<\/div>\n\t\t\t\t<\/div>\n\t\t\t\t<\/div>\n\t\t\t\t<\/div>\n\t\t\n\t\t\t\t\t\t<\/div>\n\t\t\t\t<div class=\"elementor-element elementor-element-5f7f1c0 elementor-widget elementor-widget-heading\" data-id=\"5f7f1c0\" data-element_type=\"widget\" data-e-type=\"widget\" data-widget_type=\"heading.default\">\n\t\t\t\t\t<h2 class=\"elementor-heading-title elementor-size-default\"><a href=\"https:\/\/chiwina.org\/en\/escuelita-chiwina\/\">See all<\/a><\/h2>\t\t\t\t<\/div>\n\t\t\t\t<\/div>\n\t\t\t\t<\/div>","protected":false},"excerpt":{"rendered":"<p>Recursos Compartiendo saberes (tutoriales) Ver todos los videos Escuelita Chiwi\u00f1a (Descargables) Ver todos<\/p>","protected":false},"author":1,"featured_media":0,"parent":0,"menu_order":0,"comment_status":"closed","ping_status":"closed","template":"elementor_header_footer","meta":{"footnotes":""},"class_list":["post-44","page","type-page","status-publish","hentry"],"_hostinger_reach_plugin_has_subscription_block":false,"_hostinger_reach_plugin_is_elementor":false,"_links":{"self":[{"href":"https:\/\/chiwina.org\/en\/wp-json\/wp\/v2\/pages\/44","targetHints":{"allow":["GET"]}}],"collection":[{"href":"https:\/\/chiwina.org\/en\/wp-json\/wp\/v2\/pages"}],"about":[{"href":"https:\/\/chiwina.org\/en\/wp-json\/wp\/v2\/types\/page"}],"author":[{"embeddable":true,"href":"https:\/\/chiwina.org\/en\/wp-json\/wp\/v2\/users\/1"}],"replies":[{"embeddable":true,"href":"https:\/\/chiwina.org\/en\/wp-json\/wp\/v2\/comments?post=44"}],"version-history":[{"count":4,"href":"https:\/\/chiwina.org\/en\/wp-json\/wp\/v2\/pages\/44\/revisions"}],"predecessor-version":[{"id":295,"href":"https:\/\/chiwina.org\/en\/wp-json\/wp\/v2\/pages\/44\/revisions\/295"}],"wp:attachment":[{"href":"https:\/\/chiwina.org\/en\/wp-json\/wp\/v2\/media?parent=44"}],"curies":[{"name":"wp","href":"https:\/\/api.w.org\/{rel}","templated":true}]}}