{"id":6,"date":"2025-09-18T01:21:40","date_gmt":"2025-09-18T01:21:40","guid":{"rendered":"https:\/\/chiwina.org\/?page_id=6"},"modified":"2025-11-06T19:47:31","modified_gmt":"2025-11-06T19:47:31","slug":"home","status":"publish","type":"page","link":"https:\/\/chiwina.org\/en\/","title":{"rendered":"home"},"content":{"rendered":"<div data-elementor-type=\"wp-post\" data-elementor-id=\"6\" class=\"elementor elementor-6\" data-elementor-post-type=\"page\">\n\t\t\t\t<div class=\"elementor-element elementor-element-0d9103e e-con-full e-flex e-con e-parent\" data-id=\"0d9103e\" data-element_type=\"container\" data-e-type=\"container\">\n\t\t\t\t<div class=\"elementor-element elementor-element-a87ddb8 elementor--h-position-center elementor--v-position-middle elementor-arrows-position-inside elementor-pagination-position-inside elementor-widget elementor-widget-slides\" data-id=\"a87ddb8\" data-element_type=\"widget\" data-e-type=\"widget\" data-settings=\"{&quot;navigation&quot;:&quot;both&quot;,&quot;autoplay&quot;:&quot;yes&quot;,&quot;pause_on_hover&quot;:&quot;yes&quot;,&quot;pause_on_interaction&quot;:&quot;yes&quot;,&quot;autoplay_speed&quot;:5000,&quot;infinite&quot;:&quot;yes&quot;,&quot;transition&quot;:&quot;slide&quot;,&quot;transition_speed&quot;:500}\" data-widget_type=\"slides.default\">\n\t\t\t\t\t\t\t\t\t\t<div class=\"elementor-slides-wrapper elementor-main-swiper swiper\" role=\"region\" aria-roledescription=\"carousel\" aria-label=\"Slides\" dir=\"ltr\" data-animation=\"fadeInUp\">\n\t\t\t\t<div class=\"swiper-wrapper elementor-slides\">\n\t\t\t\t\t\t\t\t\t\t<div class=\"elementor-repeater-item-44d4331 swiper-slide\" role=\"group\" aria-roledescription=\"slide\"><div class=\"swiper-slide-bg\" role=\"img\"><\/div><div class=\"swiper-slide-inner\" ><div class=\"swiper-slide-contents\"><\/div><\/div><\/div>\t\t\t\t<\/div>\n\t\t\t\t\t\t\t<\/div>\n\t\t\t\t\t\t\t\t<\/div>\n\t\t\t\t<\/div>\n\t\t<div class=\"elementor-element elementor-element-7523835 e-con-full e-flex e-con e-parent\" data-id=\"7523835\" data-element_type=\"container\" data-e-type=\"container\" data-settings=\"{&quot;background_background&quot;:&quot;classic&quot;}\">\n\t\t\t\t<div class=\"elementor-element elementor-element-78fd8e0 elementor-view-default elementor-widget elementor-widget-icon\" data-id=\"78fd8e0\" data-element_type=\"widget\" data-e-type=\"widget\" data-widget_type=\"icon.default\">\n\t\t\t\t\t\t\t<div class=\"elementor-icon-wrapper\">\n\t\t\t<div class=\"elementor-icon\">\n\t\t\t<svg xmlns=\"http:\/\/www.w3.org\/2000\/svg\" id=\"Capa_1\" data-name=\"Capa 1\" viewbox=\"0 0 99.86 83.03\"><defs><style>.cls-1{fill:none;}.cls-2{fill:#fff;}<\/style><\/defs><path class=\"cls-1\" d=\"M54.84,5.54c-15,4.66-30.75,7.81-46,10.8,8.64.94,28.39,3.1,37.39,3.81,2.07-2.56,6.15-7.84,12.15-15.73C57.2,4.81,56,5.18,54.84,5.54Z\"><\/path><path class=\"cls-1\" d=\"M9.52,21c7.89,4.67,15.76,9.62,21.21,17.24,2.6-3,9.21-10.6,12.91-15-11-1.16-31.57-3.65-37.54-4.38Q7.8,20,9.52,21Z\"><\/path><path class=\"cls-1\" d=\"M35.43,38.85a131.49,131.49,0,0,0,13.32-1.56c-.76-5.09-1.34-9.71-1.7-12.67C44,28.11,36.64,36,33.85,38.92Z\"><\/path><path class=\"cls-1\" d=\"M56.6,35.78C65,33.86,73,31.45,81.43,28.94h0C84.5,28,87.68,27,90.93,26c-7.86-.33-31.3-1.35-41.43-2.15C50,26.71,50.88,31.31,52,36.73,53.51,36.44,55.06,36.11,56.6,35.78Z\"><\/path><path class=\"cls-1\" d=\"M75.31,14C71.93,11.46,65.08,5.15,63.41,3.6c-2.95,3.9-8.68,11.5-12.92,16.89l41.17,2.7A97.2,97.2,0,0,1,75.31,14Z\"><\/path><path class=\"cls-2\" d=\"M99.4,23.8l-.11-.08c-1.15-.06-1.75-.45-4.28-1.55S83.31,17,76.65,12.12C74.5,10.53,70.07,6.65,64.57,1.56,64.5-.19,62-.35,61.4.5,46.55,5.76,32,9.14,16.43,12.36l-14,2.92a2.3,2.3,0,0,0-1,.4,1,1,0,0,0-1,.31,1.42,1.42,0,0,0,.87,2.47,8.28,8.28,0,0,0,.64.72l1,.76c2.07,1.42,4.36,2.69,6.52,4a80.56,80.56,0,0,1,13.92,9.61c2,1.84,4.76,4.35,5.82,6.57a1.39,1.39,0,0,0,1.28,2c.56,0,.95-.46,1.27-.85A133,133,0,0,0,49.1,39.55c1.82,12.81,8.92,43.29,8.75,42,.68,1.59,3,1.63,3.88,1.39s1-1,1.51-1.63c1-2.41,1.93-4.53,2.83-6.77a3.42,3.42,0,0,0-2.91-1.27c-.62,1.62-1.23,3.28-1.88,5.07-.07.13-.18.12-.22,0S58,65.69,54.05,47c-.58-2.75-1.13-5.44-1.64-8,4.24-.76,8.94-1.84,13.11-3,10.33-2.77,21.09-5.91,32.72-9.55C99.61,26.75,100.43,24.68,99.4,23.8Zm-55.76-.53c-3.7,4.36-10.31,12-12.91,15a42,42,0,0,0-7.4-7.87C18.13,25.83,11.9,22.54,6.1,18.89,12.07,19.62,32.68,22.11,43.64,23.27ZM8.84,16.34C25.31,13.12,42.32,9.69,58.38,4.42c-6,7.89-10.08,13.17-12.15,15.73C37.23,19.44,17.48,17.28,8.84,16.34Zm38.21,8.28c.36,3,.94,7.58,1.7,12.67a125.93,125.93,0,0,1-14.9,1.63C36.64,36,44,28.11,47.05,24.62Zm2.45-.75c10.13.8,33.57,1.82,41.43,2.15-3.25,1-6.43,2-9.49,2.92h0C71.43,31.88,62,34.82,52,36.73,50.88,31.31,50,26.71,49.5,23.87Zm42.16-.68-41.17-2.7c4.24-5.39,10-13,12.92-16.89,1.67,1.55,8.52,7.86,11.9,10.37h0A97.2,97.2,0,0,0,91.66,23.19Z\"><\/path><\/svg>\t\t\t<\/div>\n\t\t<\/div>\n\t\t\t\t\t\t<\/div>\n\t\t\t\t<div class=\"elementor-element elementor-element-9c7c9d4 elementor-widget elementor-widget-heading\" data-id=\"9c7c9d4\" data-element_type=\"widget\" data-e-type=\"widget\" data-widget_type=\"heading.default\">\n\t\t\t\t\t<h2 class=\"elementor-heading-title elementor-size-default\">About Chiwi\u00f1a<\/h2>\t\t\t\t<\/div>\n\t\t\t\t<div class=\"elementor-element elementor-element-7fb008a elementor-widget elementor-widget-text-editor\" data-id=\"7fb008a\" data-element_type=\"widget\" data-e-type=\"widget\" data-widget_type=\"text-editor.default\">\n\t\t\t\t\t\t\t\t\t<p>We support local and rural community entrepreneurship through ayni<br \/>tourism -tourism with reciprocity-, the development of visual identities,<br \/>training in different areas and the creation of collaborative networks that will<br \/>connect people, knowledge and identities.<\/p>\t\t\t\t\t\t\t\t<\/div>\n\t\t\t\t<\/div>\n\t\t<div class=\"elementor-element elementor-element-3fe9460 e-flex e-con-boxed e-con e-parent\" data-id=\"3fe9460\" data-element_type=\"container\" data-e-type=\"container\">\n\t\t\t\t\t<div class=\"e-con-inner\">\n\t\t<div class=\"elementor-element elementor-element-d5909c4 e-con-full e-flex e-con e-child\" data-id=\"d5909c4\" data-element_type=\"container\" data-e-type=\"container\">\n\t\t<div class=\"elementor-element elementor-element-d1c0866 e-con-full e-flex e-con e-child\" data-id=\"d1c0866\" data-element_type=\"container\" data-e-type=\"container\">\n\t\t\t\t<div class=\"elementor-element elementor-element-34aa7b4 elementor-widget elementor-widget-image\" data-id=\"34aa7b4\" data-element_type=\"widget\" data-e-type=\"widget\" data-widget_type=\"image.default\">\n\t\t\t\t\t\t\t\t\t\t\t\t\t\t\t<img decoding=\"async\" width=\"55\" height=\"60\" src=\"https:\/\/chiwina.org\/wp-content\/uploads\/2025\/09\/Chiw__icono-inicio-1.svg\" class=\"attachment-medium size-medium wp-image-103\" alt=\"\" \/>\t\t\t\t\t\t\t\t\t\t\t\t\t\t\t<\/div>\n\t\t\t\t<\/div>\n\t\t<div class=\"elementor-element elementor-element-d5316da e-con-full e-flex e-con e-child\" data-id=\"d5316da\" data-element_type=\"container\" data-e-type=\"container\">\n\t\t\t\t<div class=\"elementor-element elementor-element-f35db4e servicio-item elementor-widget elementor-widget-heading\" data-id=\"f35db4e\" data-element_type=\"widget\" data-e-type=\"widget\" data-widget_type=\"heading.default\">\n\t\t\t\t\t<h2 class=\"elementor-heading-title elementor-size-default\">Promotion and dynamization\nof tourism with reciprocity<\/h2>\t\t\t\t<\/div>\n\t\t\t\t<div class=\"elementor-element elementor-element-784afb9 elementor-widget elementor-widget-text-editor\" data-id=\"784afb9\" data-element_type=\"widget\" data-e-type=\"widget\" data-widget_type=\"text-editor.default\">\n\t\t\t\t\t\t\t\t\tWe are committed to the dynamization of domestic tourism\nand a more conscious external tourism,\nthat revalues Bolivia's tourism resources and generates\nresources and generates real links with the communities.\ncommunities. Our tours allow us to\ncontribute directly to local development and to local\ndevelopment and local entrepreneurship.\t\t\t\t\t\t\t\t<\/div>\n\t\t\t\t<\/div>\n\t\t\t\t<\/div>\n\t\t<div class=\"elementor-element elementor-element-560fb2d e-con-full e-flex e-con e-child\" data-id=\"560fb2d\" data-element_type=\"container\" data-e-type=\"container\">\n\t\t<div class=\"elementor-element elementor-element-7e3e70a e-con-full e-flex e-con e-child\" data-id=\"7e3e70a\" data-element_type=\"container\" data-e-type=\"container\">\n\t\t\t\t<div class=\"elementor-element elementor-element-f2709ee elementor-widget elementor-widget-image\" data-id=\"f2709ee\" data-element_type=\"widget\" data-e-type=\"widget\" data-widget_type=\"image.default\">\n\t\t\t\t\t\t\t\t\t\t\t\t\t\t\t<img decoding=\"async\" width=\"74\" height=\"56\" src=\"https:\/\/chiwina.org\/wp-content\/uploads\/2025\/09\/Chiw__icono-inicio-2.svg\" class=\"attachment-medium size-medium wp-image-104\" alt=\"\" \/>\t\t\t\t\t\t\t\t\t\t\t\t\t\t\t<\/div>\n\t\t\t\t<\/div>\n\t\t<div class=\"elementor-element elementor-element-cbc220f e-con-full e-flex e-con e-child\" data-id=\"cbc220f\" data-element_type=\"container\" data-e-type=\"container\">\n\t\t\t\t<div class=\"elementor-element elementor-element-c577cf8 servicio-item elementor-widget elementor-widget-heading\" data-id=\"c577cf8\" data-element_type=\"widget\" data-e-type=\"widget\" data-widget_type=\"heading.default\">\n\t\t\t\t\t<h2 class=\"elementor-heading-title elementor-size-default\">Visual identity development\nfor start-ups<\/h2>\t\t\t\t<\/div>\n\t\t\t\t<div class=\"elementor-element elementor-element-b300b37 elementor-widget elementor-widget-text-editor\" data-id=\"b300b37\" data-element_type=\"widget\" data-e-type=\"widget\" data-widget_type=\"text-editor.default\">\n\t\t\t\t\t\t\t\t\tWe support local entrepreneurs\nlocal entrepreneurs in the design of their brands\nbrands, covering graphic and digital\ndigital needs. We focus on bringing these services\nservices to rural areas, benefiting projects\nin communities such as Suriqui, Isla del Sol,\nIsla de la Luna, Toca\u00f1a, Toro Toro, Cahuela Esperanza, Madidi and\nEsperanza, Madidi and Pampas del Yacuma, as well as in the city of La Paz.\nas well as in the city of La Paz.\t\t\t\t\t\t\t\t<\/div>\n\t\t\t\t<\/div>\n\t\t\t\t<\/div>\n\t\t<div class=\"elementor-element elementor-element-cf58fdc e-con-full e-flex e-con e-child\" data-id=\"cf58fdc\" data-element_type=\"container\" data-e-type=\"container\">\n\t\t<div class=\"elementor-element elementor-element-26f85ce e-con-full e-flex e-con e-child\" data-id=\"26f85ce\" data-element_type=\"container\" data-e-type=\"container\">\n\t\t\t\t<div class=\"elementor-element elementor-element-a44c13e elementor-widget elementor-widget-image\" data-id=\"a44c13e\" data-element_type=\"widget\" data-e-type=\"widget\" data-widget_type=\"image.default\">\n\t\t\t\t\t\t\t\t\t\t\t\t\t\t\t<img decoding=\"async\" width=\"37\" height=\"58\" src=\"https:\/\/chiwina.org\/wp-content\/uploads\/2025\/09\/Chiw__icono-inicio-3.svg\" class=\"attachment-medium size-medium wp-image-105\" alt=\"\" \/>\t\t\t\t\t\t\t\t\t\t\t\t\t\t\t<\/div>\n\t\t\t\t<\/div>\n\t\t<div class=\"elementor-element elementor-element-988a43e e-con-full e-flex e-con e-child\" data-id=\"988a43e\" data-element_type=\"container\" data-e-type=\"container\">\n\t\t\t\t<div class=\"elementor-element elementor-element-6c02577 servicio-item elementor-widget elementor-widget-heading\" data-id=\"6c02577\" data-element_type=\"widget\" data-e-type=\"widget\" data-widget_type=\"heading.default\">\n\t\t\t\t\t<h2 class=\"elementor-heading-title elementor-size-default\">Workshops and tools\nin different areas<\/h2>\t\t\t\t<\/div>\n\t\t\t\t<div class=\"elementor-element elementor-element-f777420 elementor-widget elementor-widget-text-editor\" data-id=\"f777420\" data-element_type=\"widget\" data-e-type=\"widget\" data-widget_type=\"text-editor.default\">\n\t\t\t\t\t\t\t\t\tWe offer workshops and practical tools\nin digital marketing and other key areas to strengthen\nstrengthening entrepreneurship.\nWe are committed to the exchange of knowledge\nbetween communities, to consolidate a solidary\nnetwork that enhances collective growth.\ncollective growth.\t\t\t\t\t\t\t\t<\/div>\n\t\t\t\t<\/div>\n\t\t\t\t<\/div>\n\t\t\t\t\t<\/div>\n\t\t\t\t<\/div>\n\t\t<div class=\"elementor-element elementor-element-92e45fe e-con-full e-flex e-con e-parent\" data-id=\"92e45fe\" data-element_type=\"container\" data-e-type=\"container\" data-settings=\"{&quot;background_background&quot;:&quot;classic&quot;}\">\n\t\t\t\t<div class=\"elementor-element elementor-element-14ef45b elementor--h-position-center elementor--v-position-middle elementor-arrows-position-inside elementor-pagination-position-inside elementor-widget elementor-widget-slides\" data-id=\"14ef45b\" data-element_type=\"widget\" data-e-type=\"widget\" data-settings=\"{&quot;navigation&quot;:&quot;both&quot;,&quot;autoplay&quot;:&quot;yes&quot;,&quot;pause_on_hover&quot;:&quot;yes&quot;,&quot;pause_on_interaction&quot;:&quot;yes&quot;,&quot;autoplay_speed&quot;:5000,&quot;infinite&quot;:&quot;yes&quot;,&quot;transition&quot;:&quot;slide&quot;,&quot;transition_speed&quot;:500}\" data-widget_type=\"slides.default\">\n\t\t\t\t\t\t\t\t\t\t<div class=\"elementor-slides-wrapper elementor-main-swiper swiper\" role=\"region\" aria-roledescription=\"carousel\" aria-label=\"Slides\" dir=\"ltr\" data-animation=\"fadeInUp\">\n\t\t\t\t<div class=\"swiper-wrapper elementor-slides\">\n\t\t\t\t\t\t\t\t\t\t<div class=\"elementor-repeater-item-44d4331 swiper-slide\" role=\"group\" aria-roledescription=\"slide\"><div class=\"swiper-slide-bg\" role=\"img\"><\/div><div class=\"swiper-slide-inner\" ><div class=\"swiper-slide-contents\"><\/div><\/div><\/div>\t\t\t\t<\/div>\n\t\t\t\t\t\t\t<\/div>\n\t\t\t\t\t\t\t\t<\/div>\n\t\t\t\t<\/div>\n\t\t\t\t<\/div>","protected":false},"excerpt":{"rendered":"<p>Sobre Chiwi\u00f1a Apoyamos emprendimientos locales y de comunidades rurales a trav\u00e9s del ayniturismo \u2014un turismo con reciprocidad\u2014, el desarrollo de identidades visuales,capacitaciones en distintas \u00e1reas y la creaci\u00f3n de redes colaborativas queconectan personas, saberes e identidades. Promoci\u00f3n y dinamizaci\u00f3n de turismo con reciprocidad Apostamos por la dinamizaci\u00f3n del turismo interno y un turismo externo m\u00e1s [&hellip;]<\/p>","protected":false},"author":1,"featured_media":0,"parent":0,"menu_order":0,"comment_status":"closed","ping_status":"closed","template":"elementor_header_footer","meta":{"footnotes":""},"class_list":["post-6","page","type-page","status-publish","hentry"],"_hostinger_reach_plugin_has_subscription_block":false,"_hostinger_reach_plugin_is_elementor":false,"_links":{"self":[{"href":"https:\/\/chiwina.org\/en\/wp-json\/wp\/v2\/pages\/6","targetHints":{"allow":["GET"]}}],"collection":[{"href":"https:\/\/chiwina.org\/en\/wp-json\/wp\/v2\/pages"}],"about":[{"href":"https:\/\/chiwina.org\/en\/wp-json\/wp\/v2\/types\/page"}],"author":[{"embeddable":true,"href":"https:\/\/chiwina.org\/en\/wp-json\/wp\/v2\/users\/1"}],"replies":[{"embeddable":true,"href":"https:\/\/chiwina.org\/en\/wp-json\/wp\/v2\/comments?post=6"}],"version-history":[{"count":17,"href":"https:\/\/chiwina.org\/en\/wp-json\/wp\/v2\/pages\/6\/revisions"}],"predecessor-version":[{"id":209,"href":"https:\/\/chiwina.org\/en\/wp-json\/wp\/v2\/pages\/6\/revisions\/209"}],"wp:attachment":[{"href":"https:\/\/chiwina.org\/en\/wp-json\/wp\/v2\/media?parent=6"}],"curies":[{"name":"wp","href":"https:\/\/api.w.org\/{rel}","templated":true}]}}